{"id":192,"date":"2024-04-05T12:46:27","date_gmt":"2024-04-05T17:46:27","guid":{"rendered":"https:\/\/upwyse.co\/arellano\/?page_id=192"},"modified":"2025-01-13T08:25:00","modified_gmt":"2025-01-13T13:25:00","slug":"contacto","status":"publish","type":"page","link":"https:\/\/www.aja.net.co\/en\/contacto\/","title":{"rendered":"CONTACT"},"content":{"rendered":"<div data-elementor-type=\"wp-page\" data-elementor-id=\"192\" class=\"elementor elementor-192\">\n\t\t\t\t<div class=\"elementor-element elementor-element-0d5fd8f e-flex e-con-boxed e-con e-parent\" data-id=\"0d5fd8f\" data-element_type=\"container\" data-settings=\"{&quot;jet_parallax_layout_list&quot;:[]}\">\n\t\t\t\t\t<div class=\"e-con-inner\">\n\t\t\t\t<div class=\"elementor-element elementor-element-e4cd6f7 elementor-widget elementor-widget-heading\" data-id=\"e4cd6f7\" data-element_type=\"widget\" data-widget_type=\"heading.default\">\n\t\t\t\t<div class=\"elementor-widget-container\">\n\t\t\t\t\t<h2 class=\"elementor-heading-title elementor-size-default\">CONTACT<\/h2>\t\t\t\t<\/div>\n\t\t\t\t<\/div>\n\t\t\t\t<div class=\"elementor-element elementor-element-d30dafa elementor-widget elementor-widget-google_maps\" data-id=\"d30dafa\" data-element_type=\"widget\" data-widget_type=\"google_maps.default\">\n\t\t\t\t<div class=\"elementor-widget-container\">\n\t\t\t\t\t\t\t<div class=\"elementor-custom-embed\">\n\t\t\t<iframe loading=\"lazy\"\n\t\t\t\t\tsrc=\"https:\/\/maps.google.com\/maps?q=edificio%20santa%20Monica%20central%2C%20cali%20Colombia&#038;t=m&#038;z=17&#038;output=embed&#038;iwloc=near\"\n\t\t\t\t\ttitle=\"edificio santa Monica central, cali Colombia\"\n\t\t\t\t\taria-label=\"edificio santa Monica central, cali Colombia\"\n\t\t\t><\/iframe>\n\t\t<\/div>\n\t\t\t\t\t\t<\/div>\n\t\t\t\t<\/div>\n\t\t\t\t<div class=\"elementor-element elementor-element-935cbda elementor-widget elementor-widget-google_maps\" data-id=\"935cbda\" data-element_type=\"widget\" data-widget_type=\"google_maps.default\">\n\t\t\t\t<div class=\"elementor-widget-container\">\n\t\t\t\t\t\t\t<div class=\"elementor-custom-embed\">\n\t\t\t<iframe loading=\"lazy\"\n\t\t\t\t\tsrc=\"https:\/\/maps.google.com\/maps?q=edificio%20ego%20bogota%2C%20colombia&#038;t=m&#038;z=17&#038;output=embed&#038;iwloc=near\"\n\t\t\t\t\ttitle=\"edificio ego bogota, colombia\"\n\t\t\t\t\taria-label=\"edificio ego bogota, colombia\"\n\t\t\t><\/iframe>\n\t\t<\/div>\n\t\t\t\t\t\t<\/div>\n\t\t\t\t<\/div>\n\t\t\t\t\t<\/div>\n\t\t\t\t<\/div>\n\t\t<div class=\"elementor-element elementor-element-2dd2379 e-flex e-con-boxed e-con e-parent\" data-id=\"2dd2379\" data-element_type=\"container\" data-settings=\"{&quot;jet_parallax_layout_list&quot;:[]}\">\n\t\t\t\t\t<div class=\"e-con-inner\">\n\t\t<div class=\"elementor-element elementor-element-064d48a e-con-full e-flex e-con e-child\" data-id=\"064d48a\" data-element_type=\"container\" data-settings=\"{&quot;jet_parallax_layout_list&quot;:[]}\">\n\t\t<div class=\"elementor-element elementor-element-330baff e-con-full e-flex e-con e-child\" data-id=\"330baff\" data-element_type=\"container\" data-settings=\"{&quot;jet_parallax_layout_list&quot;:[]}\">\n\t\t\t\t<div class=\"elementor-element elementor-element-0bfe8d1 elementor-widget elementor-widget-heading\" data-id=\"0bfe8d1\" data-element_type=\"widget\" data-widget_type=\"heading.default\">\n\t\t\t\t<div class=\"elementor-widget-container\">\n\t\t\t\t\t<h2 class=\"elementor-heading-title elementor-size-default\">ADDRESS<\/h2>\t\t\t\t<\/div>\n\t\t\t\t<\/div>\n\t\t\t\t<div class=\"elementor-element elementor-element-14de885 elementor-widget elementor-widget-text-editor\" data-id=\"14de885\" data-element_type=\"widget\" data-widget_type=\"text-editor.default\">\n\t\t\t\t<div class=\"elementor-widget-container\">\n\t\t\t\t\t\t\t\t\tCalle 22 Norte No. 6AN-24 Of. 606<br>\r\nSanta M\u00f3nica Central Building<br>\r\nCali, Colombia\r\n\r\n\t\t\t\t\t\t\t\t<\/div>\n\t\t\t\t<\/div>\n\t\t\t\t<div class=\"elementor-element elementor-element-1b03c54 elementor-widget elementor-widget-text-editor\" data-id=\"1b03c54\" data-element_type=\"widget\" data-widget_type=\"text-editor.default\">\n\t\t\t\t<div class=\"elementor-widget-container\">\n\t\t\t\t\t\t\t\t\t<p><span style=\"color: #000000;\">Carrera 2B No. 66-55<\/span><\/p><p><span style=\"color: #000000;\">Edificio Unique 67<\/span><\/p><p><span style=\"color: #000000;\">Oficina 304<\/span><\/p><p><span style=\"color: #000000;\">Bogot\u00e1, Colombia<\/span><\/p>\t\t\t\t\t\t\t\t<\/div>\n\t\t\t\t<\/div>\n\t\t\t\t<div class=\"elementor-element elementor-element-3dc98a4 elementor-widget elementor-widget-heading\" data-id=\"3dc98a4\" data-element_type=\"widget\" data-widget_type=\"heading.default\">\n\t\t\t\t<div class=\"elementor-widget-container\">\n\t\t\t\t\t<h2 class=\"elementor-heading-title elementor-size-default\">PHONE<\/h2>\t\t\t\t<\/div>\n\t\t\t\t<\/div>\n\t\t\t\t<div class=\"elementor-element elementor-element-c16d37d elementor-widget elementor-widget-text-editor\" data-id=\"c16d37d\" data-element_type=\"widget\" data-widget_type=\"text-editor.default\">\n\t\t\t\t<div class=\"elementor-widget-container\">\n\t\t\t\t\t\t\t\t\t313 737 1682\t\t\t\t\t\t\t\t<\/div>\n\t\t\t\t<\/div>\n\t\t\t\t<div class=\"elementor-element elementor-element-b2f38ca elementor-widget elementor-widget-text-editor\" data-id=\"b2f38ca\" data-element_type=\"widget\" data-widget_type=\"text-editor.default\">\n\t\t\t\t<div class=\"elementor-widget-container\">\n\t\t\t\t\t\t\t\t\t60(2) 4025187\t\t\t\t\t\t\t\t<\/div>\n\t\t\t\t<\/div>\n\t\t\t\t<div class=\"elementor-element elementor-element-7730f91 elementor-widget elementor-widget-heading\" data-id=\"7730f91\" data-element_type=\"widget\" data-widget_type=\"heading.default\">\n\t\t\t\t<div class=\"elementor-widget-container\">\n\t\t\t\t\t<h2 class=\"elementor-heading-title elementor-size-default\">E-MAIL\n<\/h2>\t\t\t\t<\/div>\n\t\t\t\t<\/div>\n\t\t\t\t<div data-raven-element-link=\"{&quot;url&quot;:&quot;mailto:larellano@aja.net.co&quot;,&quot;is_external&quot;:&quot;&quot;,&quot;nofollow&quot;:&quot;&quot;,&quot;custom_attributes&quot;:&quot;&quot;}\" style=\"cursor: pointer\" class=\"elementor-element elementor-element-92c26c4 elementor-widget elementor-widget-text-editor\" data-id=\"92c26c4\" data-element_type=\"widget\" data-widget_type=\"text-editor.default\">\n\t\t\t\t<div class=\"elementor-widget-container\">\n\t\t\t\t\t\t\t\t\tlarellano@aja.net.co\t\t\t\t\t\t\t\t<\/div>\n\t\t\t\t<\/div>\n\t\t\t\t<\/div>\n\t\t\t\t<\/div>\n\t\t<div class=\"elementor-element elementor-element-88d31a6 e-con-full e-flex e-con e-child\" data-id=\"88d31a6\" data-element_type=\"container\" data-settings=\"{&quot;jet_parallax_layout_list&quot;:[]}\">\n\t\t\t\t<div class=\"elementor-element elementor-element-1fead45 elementor-widget elementor-widget-heading\" data-id=\"1fead45\" data-element_type=\"widget\" data-widget_type=\"heading.default\">\n\t\t\t\t<div class=\"elementor-widget-container\">\n\t\t\t\t\t<h2 class=\"elementor-heading-title elementor-size-default\">CONTACT US<\/h2>\t\t\t\t<\/div>\n\t\t\t\t<\/div>\n\t\t\t\t<div class=\"elementor-element elementor-element-9a4b105 elementor-widget elementor-widget-jet-engine-booking-form\" data-id=\"9a4b105\" data-element_type=\"widget\" data-widget_type=\"jet-engine-booking-form.default\">\n\t\t\t\t<div class=\"elementor-widget-container\">\n\t\t\t\t\t<form  class=\"jet-form layout-column submit-type-ajax\" action=\"https:\/\/www.aja.net.co\/en\/?jet_engine_action=book&#038;_jet_form_is_ajax=1\" method=\"POST\" data-form-id=\"112\" data-trp-original-action=\"https:\/\/www.aja.net.co\/?jet_engine_action=book&#038;_jet_form_is_ajax=1\"><input class=\"jet-form__field hidden-field\" type=\"hidden\" name=\"_jet_engine_booking_form_id\" value=\"112\" data-field-name=\"_jet_engine_booking_form_id\"><input class=\"jet-form__field hidden-field\" type=\"hidden\" name=\"_jet_engine_refer\" value=\"https:\/\/www.aja.net.co\" data-field-name=\"_jet_engine_refer\"><div  class=\"jet-form-row jet-form-row--hidden\"><div class=\"jet-form-col jet-form-col-12  field-type-hidden  jet-form-field-container\" data-field=\"post_id\" data-conditional=\"false\"><input class=\"jet-form__field hidden-field\" type=\"hidden\" name=\"post_id\" value=\"42\" data-field-name=\"post_id\"><\/div><\/div><div  class=\"jet-form-row jet-form-row--first-visible\"><div class=\"jet-form-col jet-form-col-12  field-type-text  jet-form-field-container\" data-field=\"field_name\" data-conditional=\"false\"><input class=\"jet-form__field text-field\" placeholder=\"Name\" value=\"\" required=\"required\" name=\"field_name\" id=\"field_name\" type=\"text\" data-field-name=\"field_name\"><\/div><\/div><div  class=\"jet-form-row\"><div class=\"jet-form-col jet-form-col-12  field-type-text  jet-form-field-container\" data-field=\"field_correo\" data-conditional=\"false\"><input class=\"jet-form__field text-field\" placeholder=\"E-mail\" value=\"\" required=\"required\" name=\"field_correo\" id=\"field_correo\" type=\"email\" data-field-name=\"field_correo\"><\/div><\/div><div  class=\"jet-form-row\"><div class=\"jet-form-col jet-form-col-12  field-type-text  jet-form-field-container\" data-field=\"field_asunto\" data-conditional=\"false\"><input class=\"jet-form__field text-field\" placeholder=\"Subject\" value=\"\" name=\"field_asunto\" id=\"field_asunto\" type=\"text\" data-field-name=\"field_asunto\"><\/div><\/div><div  class=\"jet-form-row\"><div class=\"jet-form-col jet-form-col-12  field-type-textarea  jet-form-field-container\" data-field=\"field_mensaje\" data-conditional=\"false\"><textarea class=\"jet-form__field textarea-field\" placeholder=\"Message\" name=\"field_mensaje\" data-field-name=\"field_mensaje\" id=\"field_mensaje\"><\/textarea><\/div><\/div><div  class=\"jet-form-row jet-form-row--submit\"><div class=\"jet-form-col jet-form-col-12  field-type-submit  jet-form-field-container\" data-field=\"Submit\" data-conditional=\"false\"><div class=\"jet-form__submit-wrap\">\n\t\t<button class=\"jet-form__submit submit-type-ajax\" type=\"button\">Send<\/button>\n<\/div><\/div><\/div>\t\t\t<input type=\"hidden\" class=\"captcha-token\" name=\"_captcha_token\" value=\"\">\n\t\t\t<script>\n\n\t\t\t\tif ( ! window.JetEngineFormCaptcha ) {\n\t\t\t\t\twindow.JetEngineFormCaptcha = function( formID ) {\n\t\t\t\t\t\tvar $script  = document.querySelector( 'script#jet-engine-recaptcha-js' ),\n\t\t\t\t\t\t\t$cpField = document.querySelector( 'form[data-form-id=\"' + formID + '\"] .captcha-token' );\n\n\t\t\t\t\t\tfunction setFormToken() {\n\t\t\t\t\t\t\tif ( window.JetEngineFormToken ) {\n\t\t\t\t\t\t\t\t$cpField.value = window.JetEngineFormToken;\n\t\t\t\t\t\t\t} else if ( window.grecaptcha ) {\n\t\t\t\t\t\t\t\twindow.grecaptcha.ready( function() {\n\t\t\t\t\t\t\t\t\tgrecaptcha.execute(\n\t\t\t\t\t\t\t\t\t\t'6Le6jAcqAAAAAJm5Z7Qp1xj5CdaDUS8KXqma06DM',\n\t\t\t\t\t\t\t\t\t\t{\n\t\t\t\t\t\t\t\t\t\t\taction: 'submit_form'\n\t\t\t\t\t\t\t\t\t\t}\n\t\t\t\t\t\t\t\t\t).then( function( token ) {\n\t\t\t\t\t\t\t\t\t\t$cpField.value = token;\n\t\t\t\t\t\t\t\t\t\twindow.JetEngineFormToken = token;\n\t\t\t\t\t\t\t\t\t} );\n\t\t\t\t\t\t\t\t} );\n\t\t\t\t\t\t\t}\n\t\t\t\t\t\t}\n\n\t\t\t\t\t\tif ( ! $cpField ) {\n\t\t\t\t\t\t\treturn;\n\t\t\t\t\t\t}\n\n\t\t\t\t\t\tif ( ! $script ) {\n\n\t\t\t\t\t\t\t$script = document.createElement( 'script' );\n\n\t\t\t\t\t\t\t$script.id  = 'jet-engine-recaptcha-js';\n\t\t\t\t\t\t\t$script.src = 'https:\/\/www.google.com\/recaptcha\/api.js?render=6Le6jAcqAAAAAJm5Z7Qp1xj5CdaDUS8KXqma06DM';\n\n\t\t\t\t\t\t\t$cpField.parentNode.insertBefore( $script, $cpField );\n\n\t\t\t\t\t\t\t$script.onload = function() {\n\t\t\t\t\t\t\t\tsetFormToken();\n\t\t\t\t\t\t\t};\n\n\t\t\t\t\t\t} else {\n\t\t\t\t\t\t\tsetFormToken();\n\t\t\t\t\t\t}\n\n\t\t\t\t\t}\n\t\t\t\t}\n\n\t\t\t\twindow.JetEngineFormCaptcha( 112 );\n\n\t\t\t\tjQuery( window ).on( 'jet-popup\/show-event\/after-show', function () {\n\n\t\t\t\t\twindow.JetEngineFormCaptcha( 112 );\n\n\t\t\t\t} );\n\t\t\t<\/script>\n\t\t\t<input class=\"jet-form__field hidden-field\" type=\"hidden\" name=\"_jet_engine_nonce\" value=\"86c9d569cf\" data-field-name=\"_jet_engine_nonce\"><input type=\"hidden\" name=\"trp-form-language\" value=\"en\"\/><\/form><div class=\"jet-form-messages-wrap\" data-form-id=\"112\"><\/div>\t\t\t\t<\/div>\n\t\t\t\t<\/div>\n\t\t\t\t<\/div>\n\t\t\t\t\t<\/div>\n\t\t\t\t<\/div>\n\t\t\t\t<\/div>","protected":false},"excerpt":{"rendered":"<p>contacto Direcci\u00f3n Carrera 2B No. 66-55 Edificio Unique 67 Oficina 304 Bogot\u00e1, Colombia Tel\u00e9fono EMail Escr\u00edbanos Enviar<\/p>","protected":false},"author":1,"featured_media":0,"parent":0,"menu_order":0,"comment_status":"closed","ping_status":"closed","template":"","meta":{"_acf_changed":false,"footnotes":""},"class_list":["post-192","page","type-page","status-publish","hentry"],"acf":[],"yoast_head":"<!-- This site is optimized with the Yoast SEO plugin v25.2 - https:\/\/yoast.com\/wordpress\/plugins\/seo\/ -->\n<title>Contacto - Arellano Jaramillo &amp; Abogados<\/title>\n<meta name=\"robots\" content=\"index, follow, max-snippet:-1, max-image-preview:large, max-video-preview:-1\" \/>\n<link rel=\"canonical\" href=\"https:\/\/www.aja.net.co\/en\/contacto\/\" \/>\n<meta property=\"og:locale\" content=\"en_US\" \/>\n<meta property=\"og:type\" content=\"article\" \/>\n<meta property=\"og:title\" content=\"Contacto - Arellano Jaramillo &amp; Abogados\" \/>\n<meta property=\"og:description\" content=\"contacto Direcci\u00f3n Carrera 2B No. 66-55 Edificio Unique 67 Oficina 304 Bogot\u00e1, Colombia Tel\u00e9fono EMail Escr\u00edbanos Enviar\" \/>\n<meta property=\"og:url\" content=\"https:\/\/www.aja.net.co\/en\/contacto\/\" \/>\n<meta property=\"og:site_name\" content=\"Arellano Jaramillo &amp; Abogados\" \/>\n<meta property=\"article:modified_time\" content=\"2025-01-13T13:25:00+00:00\" \/>\n<meta name=\"twitter:card\" content=\"summary_large_image\" \/>\n<meta name=\"twitter:label1\" content=\"Est. reading time\" \/>\n\t<meta name=\"twitter:data1\" content=\"1 minute\" \/>\n<script type=\"application\/ld+json\" class=\"yoast-schema-graph\">{\"@context\":\"https:\/\/schema.org\",\"@graph\":[{\"@type\":\"WebPage\",\"@id\":\"https:\/\/www.aja.net.co\/contacto\/\",\"url\":\"https:\/\/www.aja.net.co\/contacto\/\",\"name\":\"Contacto - Arellano Jaramillo &amp; Abogados\",\"isPartOf\":{\"@id\":\"https:\/\/www.aja.net.co\/#website\"},\"datePublished\":\"2024-04-05T17:46:27+00:00\",\"dateModified\":\"2025-01-13T13:25:00+00:00\",\"breadcrumb\":{\"@id\":\"https:\/\/www.aja.net.co\/contacto\/#breadcrumb\"},\"inLanguage\":\"en-US\",\"potentialAction\":[{\"@type\":\"ReadAction\",\"target\":[\"https:\/\/www.aja.net.co\/contacto\/\"]}]},{\"@type\":\"BreadcrumbList\",\"@id\":\"https:\/\/www.aja.net.co\/contacto\/#breadcrumb\",\"itemListElement\":[{\"@type\":\"ListItem\",\"position\":1,\"name\":\"Inicio\",\"item\":\"https:\/\/www.aja.net.co\/\"},{\"@type\":\"ListItem\",\"position\":2,\"name\":\"Contacto\"}]},{\"@type\":\"WebSite\",\"@id\":\"https:\/\/www.aja.net.co\/#website\",\"url\":\"https:\/\/www.aja.net.co\/\",\"name\":\"Arellano Jaramillo & Abogados\",\"description\":\"Asesor\u00eda legal calificada\",\"publisher\":{\"@id\":\"https:\/\/www.aja.net.co\/#organization\"},\"alternateName\":\"Arellano Jaramillo & Abogados\",\"potentialAction\":[{\"@type\":\"SearchAction\",\"target\":{\"@type\":\"EntryPoint\",\"urlTemplate\":\"https:\/\/www.aja.net.co\/?s={search_term_string}\"},\"query-input\":{\"@type\":\"PropertyValueSpecification\",\"valueRequired\":true,\"valueName\":\"search_term_string\"}}],\"inLanguage\":\"en-US\"},{\"@type\":\"Organization\",\"@id\":\"https:\/\/www.aja.net.co\/#organization\",\"name\":\"Arellano Jaramillo & Abogados\",\"url\":\"https:\/\/www.aja.net.co\/\",\"logo\":{\"@type\":\"ImageObject\",\"inLanguage\":\"en-US\",\"@id\":\"https:\/\/www.aja.net.co\/#\/schema\/logo\/image\/\",\"url\":\"https:\/\/www.aja.net.co\/wp-content\/uploads\/2024\/04\/Grupo-5.svg\",\"contentUrl\":\"https:\/\/www.aja.net.co\/wp-content\/uploads\/2024\/04\/Grupo-5.svg\",\"width\":168,\"height\":131.795,\"caption\":\"Arellano Jaramillo & Abogados\"},\"image\":{\"@id\":\"https:\/\/www.aja.net.co\/#\/schema\/logo\/image\/\"},\"sameAs\":[\"https:\/\/www.linkedin.com\/company\/arellano-jaramillo-abogados\/\"]}]}<\/script>\n<!-- \/ Yoast SEO plugin. -->","yoast_head_json":{"title":"Contacto - Arellano Jaramillo &amp; Abogados","robots":{"index":"index","follow":"follow","max-snippet":"max-snippet:-1","max-image-preview":"max-image-preview:large","max-video-preview":"max-video-preview:-1"},"canonical":"https:\/\/www.aja.net.co\/en\/contacto\/","og_locale":"en_US","og_type":"article","og_title":"Contacto - Arellano Jaramillo &amp; Abogados","og_description":"contacto Direcci\u00f3n Carrera 2B No. 66-55 Edificio Unique 67 Oficina 304 Bogot\u00e1, Colombia Tel\u00e9fono EMail Escr\u00edbanos Enviar","og_url":"https:\/\/www.aja.net.co\/en\/contacto\/","og_site_name":"Arellano Jaramillo &amp; Abogados","article_modified_time":"2025-01-13T13:25:00+00:00","twitter_card":"summary_large_image","twitter_misc":{"Est. reading time":"1 minute"},"schema":{"@context":"https:\/\/schema.org","@graph":[{"@type":"WebPage","@id":"https:\/\/www.aja.net.co\/contacto\/","url":"https:\/\/www.aja.net.co\/contacto\/","name":"Contacto - Arellano Jaramillo &amp; Abogados","isPartOf":{"@id":"https:\/\/www.aja.net.co\/#website"},"datePublished":"2024-04-05T17:46:27+00:00","dateModified":"2025-01-13T13:25:00+00:00","breadcrumb":{"@id":"https:\/\/www.aja.net.co\/contacto\/#breadcrumb"},"inLanguage":"en-US","potentialAction":[{"@type":"ReadAction","target":["https:\/\/www.aja.net.co\/contacto\/"]}]},{"@type":"BreadcrumbList","@id":"https:\/\/www.aja.net.co\/contacto\/#breadcrumb","itemListElement":[{"@type":"ListItem","position":1,"name":"Inicio","item":"https:\/\/www.aja.net.co\/"},{"@type":"ListItem","position":2,"name":"Contacto"}]},{"@type":"WebSite","@id":"https:\/\/www.aja.net.co\/#website","url":"https:\/\/www.aja.net.co\/","name":"Arellano Jaramillo & Abogados","description":"Asesor\u00eda legal calificada","publisher":{"@id":"https:\/\/www.aja.net.co\/#organization"},"alternateName":"Arellano Jaramillo & Abogados","potentialAction":[{"@type":"SearchAction","target":{"@type":"EntryPoint","urlTemplate":"https:\/\/www.aja.net.co\/?s={search_term_string}"},"query-input":{"@type":"PropertyValueSpecification","valueRequired":true,"valueName":"search_term_string"}}],"inLanguage":"en-US"},{"@type":"Organization","@id":"https:\/\/www.aja.net.co\/#organization","name":"Arellano Jaramillo & Abogados","url":"https:\/\/www.aja.net.co\/","logo":{"@type":"ImageObject","inLanguage":"en-US","@id":"https:\/\/www.aja.net.co\/#\/schema\/logo\/image\/","url":"https:\/\/www.aja.net.co\/wp-content\/uploads\/2024\/04\/Grupo-5.svg","contentUrl":"https:\/\/www.aja.net.co\/wp-content\/uploads\/2024\/04\/Grupo-5.svg","width":168,"height":131.795,"caption":"Arellano Jaramillo & Abogados"},"image":{"@id":"https:\/\/www.aja.net.co\/#\/schema\/logo\/image\/"},"sameAs":["https:\/\/www.linkedin.com\/company\/arellano-jaramillo-abogados\/"]}]}},"_links":{"self":[{"href":"https:\/\/www.aja.net.co\/en\/wp-json\/wp\/v2\/pages\/192","targetHints":{"allow":["GET"]}}],"collection":[{"href":"https:\/\/www.aja.net.co\/en\/wp-json\/wp\/v2\/pages"}],"about":[{"href":"https:\/\/www.aja.net.co\/en\/wp-json\/wp\/v2\/types\/page"}],"author":[{"embeddable":true,"href":"https:\/\/www.aja.net.co\/en\/wp-json\/wp\/v2\/users\/1"}],"replies":[{"embeddable":true,"href":"https:\/\/www.aja.net.co\/en\/wp-json\/wp\/v2\/comments?post=192"}],"version-history":[{"count":28,"href":"https:\/\/www.aja.net.co\/en\/wp-json\/wp\/v2\/pages\/192\/revisions"}],"predecessor-version":[{"id":396,"href":"https:\/\/www.aja.net.co\/en\/wp-json\/wp\/v2\/pages\/192\/revisions\/396"}],"wp:attachment":[{"href":"https:\/\/www.aja.net.co\/en\/wp-json\/wp\/v2\/media?parent=192"}],"curies":[{"name":"wp","href":"https:\/\/api.w.org\/{rel}","templated":true}]}}